{"id":716,"date":"2018-12-04T16:30:10","date_gmt":"2018-12-04T16:30:10","guid":{"rendered":"https:\/\/www.tramsek.com\/de\/o-nas\/"},"modified":"2019-09-01T17:58:29","modified_gmt":"2019-09-01T15:58:29","slug":"ueber-uns","status":"publish","type":"page","link":"https:\/\/www.tramsek.com\/de\/ueber-uns\/","title":{"rendered":"\u00dcber uns"},"content":{"rendered":"<p>[vc_row][vc_column width=&#8220;1\/6&#8243;][\/vc_column][vc_column width=&#8220;2\/3&#8243;]\t\t\r\n\t\t<h1 class=\"page-title  \">\u00dcber uns<\/h1>\r\n\r\n\t\t[vc_row_inner][vc_column_inner offset=&#8220;vc_col-lg-6 vc_col-md-6&#8243;][vc_column_text]<\/p>\n<p dir=\"ltr\">TRAMSEK Marine ist ein Unternehmen mit langj\u00e4hriger Erfahrung und reichen Referenzen im Bereich der Nautik. Wir bieten Ihnen einen zuverl\u00e4ssigen und sorgenfreien Kauf von neuen und gebrauchten Schiffen, Wartung, Transfer und eine breite Palette von Chartern an. Bei Ihrer Auswahl werden Sie kompetent beraten und wir helfen Ihnen, die optimale L\u00f6sung f\u00fcr die gegebenen Ressourcen zu finden. Das spart Ihnen wertvolle Zeit und Geld.<\/p>\n<p dir=\"ltr\">TRAMSEK Marine behandelt jeden Kunden individuell. Wir bauen eine langfristige Beziehung auf, die auf Vertrauen, einer guten Kenntnis Ihrer W\u00fcnsche und Anforderungen und folglich einem guten nautischen Service basiert. Wir sind professionell und zuverl\u00e4ssig in unserem Service.<\/p>\n<p dir=\"ltr\">Lehnen Sie sich zur\u00fcck, vertrauen Sie uns Ihre W\u00fcnschen an und wir finden f\u00fcr Sie die beste L\u00f6sung mit all den Erfahrungen, Bekannten und ausgezeichneten Kenntnissen des Seemarktes. In etwas mehr als zwei Jahrzehnten unserer aktiven T\u00e4tigkeit in der Schifffahrtsbranche haben wir immer noch eine gro\u00dfe Liebe f\u00fcr das Boot, das neben vielen Vorteilen endlose Vergn\u00fcgen bietet.<\/p>\n<p>[\/vc_column_text][\/vc_column_inner][vc_column_inner offset=&#8220;vc_col-lg-6 vc_col-md-6&#8243;][vc_single_image image=&#8220;698&#8243;][\/vc_column_inner][\/vc_row_inner][\/vc_column][vc_column width=&#8220;1\/6&#8243;][\/vc_column][\/vc_row]<\/p>\n","protected":false},"excerpt":{"rendered":"<p>[vc_row][vc_column width=&#8220;1\/6&#8243;][\/vc_column][vc_column width=&#8220;2\/3&#8243;][vc_row_inner][vc_column_inner offset=&#8220;vc_col-lg-6 vc_col-md-6&#8243;][vc_column_text] TRAMSEK Marine ist ein Unternehmen mit langj\u00e4hriger Erfahrung und reichen Referenzen im Bereich der Nautik. Wir bieten Ihnen einen zuverl\u00e4ssigen und sorgenfreien Kauf von neuen und gebrauchten Schiffen, Wartung, Transfer und eine breite Palette von Chartern an. Bei Ihrer Auswahl werden Sie kompetent beraten und wir helfen Ihnen, die optimale [&hellip;]<\/p>\n","protected":false},"author":1,"featured_media":0,"parent":0,"menu_order":2,"comment_status":"closed","ping_status":"closed","template":"","meta":[],"_links":{"self":[{"href":"https:\/\/www.tramsek.com\/de\/wp-json\/wp\/v2\/pages\/716"}],"collection":[{"href":"https:\/\/www.tramsek.com\/de\/wp-json\/wp\/v2\/pages"}],"about":[{"href":"https:\/\/www.tramsek.com\/de\/wp-json\/wp\/v2\/types\/page"}],"author":[{"embeddable":true,"href":"https:\/\/www.tramsek.com\/de\/wp-json\/wp\/v2\/users\/1"}],"replies":[{"embeddable":true,"href":"https:\/\/www.tramsek.com\/de\/wp-json\/wp\/v2\/comments?post=716"}],"version-history":[{"count":1,"href":"https:\/\/www.tramsek.com\/de\/wp-json\/wp\/v2\/pages\/716\/revisions"}],"predecessor-version":[{"id":835,"href":"https:\/\/www.tramsek.com\/de\/wp-json\/wp\/v2\/pages\/716\/revisions\/835"}],"wp:attachment":[{"href":"https:\/\/www.tramsek.com\/de\/wp-json\/wp\/v2\/media?parent=716"}],"curies":[{"name":"wp","href":"https:\/\/api.w.org\/{rel}","templated":true}]}}