{"id":5,"date":"2018-12-04T16:30:10","date_gmt":"2018-12-04T16:30:10","guid":{"rendered":"https:\/\/www.tramsek.com\/?page_id=5"},"modified":"2019-11-04T11:30:18","modified_gmt":"2019-11-04T10:30:18","slug":"domov","status":"publish","type":"page","link":"https:\/\/www.tramsek.com\/sl\/","title":{"rendered":"Domov"},"content":{"rendered":"<p>[vc_row full_width=&#8221;stretch_row&#8221; full_height=&#8221;yes&#8221; columns_placement=&#8221;bottom&#8221; el_class=&#8221;main-banner&#8221; css=&#8221;.vc_custom_1565013261428{background-image: url(https:\/\/www.tramsek.com\/wp-content\/uploads\/2018\/12\/tramsek_cover.jpg?id=924) !important;}&#8221;][vc_column][vc_column_text el_class=&#8221;slogan&#8221;]Enjoy the sea we do the rest[\/vc_column_text][vc_row_inner el_class=&#8221;mb-btns-section&#8221;][vc_column_inner el_class=&#8221;mb-btn-left-wrap&#8221; width=&#8221;1\/2&#8243;]\t\t\n\t\t<a href=\"https:\/\/www.tramsek.com\/prodaja-plovil\/\" target=\"\" class=\"btn  btn-default btn-lg mb-btn\" id=\"\">Kupujete plovilo?<\/a>\n\n\t\t[\/vc_column_inner][vc_column_inner width=&#8221;1\/2&#8243;]\t\t\n\t\t<a href=\"https:\/\/www.tramsek.com\/prodajate-plovilo\/\" target=\"\" class=\"btn  btn-default btn-lg mb-btn\" id=\"\">Prodajate plovilo?<\/a>\n\n\t\t[\/vc_column_inner][\/vc_row_inner][\/vc_column][\/vc_row][vc_row el_class=&#8221;boats-section&#8221;][vc_column][vc_column_text]<\/p>\n<h1 style=\"text-align: center;\">Tramsek marine<\/h1>\n<p>[\/vc_column_text]<div class=\"row \"><div class=\"news col-lg-3 col-md-3 col-sm-6 col-xs-12\"><p>[vc_row el_class=&#8221;boat-card&#8221;][vc_column]\t\t\n\t\t<a href=\"https:\/\/www.tramsek.com\/sl\/plovilo\/birchwood-challenger-360-flybridge\/\" class=\"post-img-cover-wrapper\">\t\t\t<div class=\"post-img-cover\" style=\"background-image: url(https:\/\/www.tramsek.com\/wp-content\/uploads\/2026\/04\/IMG_0479.jpeg);\"><\/div>\n\t\t<\/a>\t\t\n\t\t[vc_row_inner][vc_column_inner]\t\t\n\t\t<p class=\"boat-name\">\n\t\t\t<a href=\"https:\/\/www.tramsek.com\/sl\/plovilo\/birchwood-challenger-360-flybridge\/\">Birchwood Challenger 360 Flybridge<\/a>\t\t<\/p>\n\t\t\n\t\t\t\t\r\n\t\t<div class=\"vc_acf vc_txt_align_left boat-year\"><span class=\"vc_acf-label\">Letnik:<\/span> 2001<\/div>\r\n\r\n\t\t\t\t\r\n\t\t<span class=\"b-price\">119.000 \u20ac<span class=\"tax\">DDV pla\u010dan<\/span><\/span>\r\n\r\n\t\t[\/vc_column_inner][\/vc_row_inner][\/vc_column][\/vc_row]<\/p>\n<\/div><div class=\"news col-lg-3 col-md-3 col-sm-6 col-xs-12\"><p>[vc_row el_class=&#8221;boat-card&#8221;][vc_column]\t\t\n\t\t<a href=\"https:\/\/www.tramsek.com\/sl\/plovilo\/sunseeker-manhattan-66\/\" class=\"post-img-cover-wrapper\">\t\t\t<div class=\"post-img-cover\" style=\"background-image: url(https:\/\/www.tramsek.com\/wp-content\/uploads\/2026\/03\/Image-130.jpeg);\"><\/div>\n\t\t<\/a>\t\t\n\t\t[vc_row_inner][vc_column_inner]\t\t\n\t\t<p class=\"boat-name\">\n\t\t\t<a href=\"https:\/\/www.tramsek.com\/sl\/plovilo\/sunseeker-manhattan-66\/\">Sunseeker Manhattan 66<\/a>\t\t<\/p>\n\t\t\n\t\t\t\t\r\n\t\t<div class=\"vc_acf vc_txt_align_left boat-year\"><span class=\"vc_acf-label\">Letnik:<\/span> 2019<\/div>\r\n\r\n\t\t\t\t\r\n\t\t<span class=\"b-price\">1.690.000 \u20ac<span class=\"tax\">DDV pla\u010dan<\/span><\/span>\r\n\r\n\t\t[\/vc_column_inner][\/vc_row_inner][\/vc_column][\/vc_row]<\/p>\n<\/div><div class=\"news col-lg-3 col-md-3 col-sm-6 col-xs-12\"><p>[vc_row el_class=&#8221;boat-card&#8221;][vc_column]\t\t\n\t\t<a href=\"https:\/\/www.tramsek.com\/sl\/plovilo\/princess-54\/\" class=\"post-img-cover-wrapper\">\t\t\t<div class=\"post-img-cover\" style=\"background-image: url(https:\/\/www.tramsek.com\/wp-content\/uploads\/2025\/09\/8aeee58f-5499-4e8b-8ced-ac9c84f5489d.jpeg);\"><\/div>\n\t\t<\/a>\t\t\n\t\t[vc_row_inner][vc_column_inner]\t\t\n\t\t<p class=\"boat-name\">\n\t\t\t<a href=\"https:\/\/www.tramsek.com\/sl\/plovilo\/princess-54\/\">PRINCESS 54<\/a>\t\t<\/p>\n\t\t\n\t\t\t\t\r\n\t\t<div class=\"vc_acf vc_txt_align_left boat-year\"><span class=\"vc_acf-label\">Letnik:<\/span> 2008<\/div>\r\n\r\n\t\t\t\t\r\n\t\t<span class=\"b-price\">500.000 \u20ac<span class=\"tax\">DDV pla\u010dan<\/span><\/span>\r\n\r\n\t\t[\/vc_column_inner][\/vc_row_inner][\/vc_column][\/vc_row]<\/p>\n<\/div><div class=\"news col-lg-3 col-md-3 col-sm-6 col-xs-12\"><p>[vc_row el_class=&#8221;boat-card&#8221;][vc_column]\t\t\n\t\t<a href=\"https:\/\/www.tramsek.com\/sl\/plovilo\/princess-v58\/\" class=\"post-img-cover-wrapper\">\t\t\t<div class=\"post-img-cover\" style=\"background-image: url(https:\/\/www.tramsek.com\/wp-content\/uploads\/2025\/09\/98fc1c4f-48e3-4bc4-938f-f3a1ae5983f5-1.jpg);\"><\/div>\n\t\t<\/a>\t\t\n\t\t[vc_row_inner][vc_column_inner]\t\t\n\t\t<p class=\"boat-name\">\n\t\t\t<a href=\"https:\/\/www.tramsek.com\/sl\/plovilo\/princess-v58\/\">PRINCESS V58<\/a>\t\t<\/p>\n\t\t\n\t\t\t\t\r\n\t\t<div class=\"vc_acf vc_txt_align_left boat-year\"><span class=\"vc_acf-label\">Letnik:<\/span> 2008<\/div>\r\n\r\n\t\t\t\t\r\n\t\t<span class=\"b-price\">500.000 \u20ac<span class=\"tax\">DDV pla\u010dan<\/span><\/span>\r\n\r\n\t\t[\/vc_column_inner][\/vc_row_inner][\/vc_column][\/vc_row]<\/p>\n<\/div><div class=\"news col-lg-3 col-md-3 col-sm-6 col-xs-12\"><p>[vc_row el_class=&#8221;boat-card&#8221;][vc_column]\t\t\n\t\t<a href=\"https:\/\/www.tramsek.com\/sl\/plovilo\/dufour-470\/\" class=\"post-img-cover-wrapper\">\t\t\t<div class=\"post-img-cover\" style=\"background-image: url(https:\/\/www.tramsek.com\/wp-content\/uploads\/2024\/11\/32308221-_DSC0123_First-Secret_Dufour-470_Istion_L.jpg);\"><\/div>\n\t\t<\/a>\t\t\n\t\t[vc_row_inner][vc_column_inner]\t\t\n\t\t<p class=\"boat-name\">\n\t\t\t<a href=\"https:\/\/www.tramsek.com\/sl\/plovilo\/dufour-470\/\">Dufour 470<\/a>\t\t<\/p>\n\t\t\n\t\t\t\t\r\n\t\t<div class=\"vc_acf vc_txt_align_left boat-year\"><span class=\"vc_acf-label\">Letnik:<\/span> 2023<\/div>\r\n\r\n\t\t\t\t\r\n\t\t<span class=\"b-price\">340.000 \u20ac<span class=\"tax\">DDV nepla\u010dan<\/span><\/span>\r\n\r\n\t\t[\/vc_column_inner][\/vc_row_inner][\/vc_column][\/vc_row]<\/p>\n<\/div><div class=\"news col-lg-3 col-md-3 col-sm-6 col-xs-12\"><p>[vc_row el_class=&#8221;boat-card&#8221;][vc_column]\t\t\n\t\t<a href=\"https:\/\/www.tramsek.com\/sl\/plovilo\/dufour-430\/\" class=\"post-img-cover-wrapper\">\t\t\t<div class=\"post-img-cover\" style=\"background-image: url(https:\/\/www.tramsek.com\/wp-content\/uploads\/2024\/11\/Image.jpeg);\"><\/div>\n\t\t<\/a>\t\t\n\t\t[vc_row_inner][vc_column_inner]\t\t\n\t\t<p class=\"boat-name\">\n\t\t\t<a href=\"https:\/\/www.tramsek.com\/sl\/plovilo\/dufour-430\/\">Dufour 41<\/a>\t\t<\/p>\n\t\t\n\t\t\t\t\r\n\t\t<div class=\"vc_acf vc_txt_align_left boat-year\"><span class=\"vc_acf-label\">Letnik:<\/span> 2024<\/div>\r\n\r\n\t\t\t\t\r\n\t\t<span class=\"b-price\">260.000 \u20ac<span class=\"tax\">DDV nepla\u010dan<\/span><\/span>\r\n\r\n\t\t[\/vc_column_inner][\/vc_row_inner][\/vc_column][\/vc_row]<\/p>\n<\/div><div class=\"news col-lg-3 col-md-3 col-sm-6 col-xs-12\"><p>[vc_row el_class=&#8221;boat-card&#8221;][vc_column]\t\t\n\t\t<a href=\"https:\/\/www.tramsek.com\/sl\/plovilo\/chantier-catana-bali-4-2\/\" class=\"post-img-cover-wrapper\">\t\t\t<div class=\"post-img-cover\" style=\"background-image: url(https:\/\/www.tramsek.com\/wp-content\/uploads\/2024\/11\/IMG_7807.jpg);\"><\/div>\n\t\t<\/a>\t\t\n\t\t[vc_row_inner][vc_column_inner]\t\t\n\t\t<p class=\"boat-name\">\n\t\t\t<a href=\"https:\/\/www.tramsek.com\/sl\/plovilo\/chantier-catana-bali-4-2\/\">Chantier Catana Bali 4.2<\/a>\t\t<\/p>\n\t\t\n\t\t\t\t\r\n\t\t<div class=\"vc_acf vc_txt_align_left boat-year\"><span class=\"vc_acf-label\">Letnik:<\/span> 2024<\/div>\r\n\r\n\t\t\t\t\r\n\t\t<span class=\"b-price\">569.000 \u20ac<span class=\"tax\">DDV nepla\u010dan<\/span><\/span>\r\n\r\n\t\t[\/vc_column_inner][\/vc_row_inner][\/vc_column][\/vc_row]<\/p>\n<\/div><div class=\"news col-lg-3 col-md-3 col-sm-6 col-xs-12\"><p>[vc_row el_class=&#8221;boat-card&#8221;][vc_column]\t\t\n\t\t<a href=\"https:\/\/www.tramsek.com\/sl\/plovilo\/fountaine-pajot-isla-40\/\" class=\"post-img-cover-wrapper\">\t\t\t<div class=\"post-img-cover\" style=\"background-image: url(https:\/\/www.tramsek.com\/wp-content\/uploads\/2024\/11\/Image-150.jpeg);\"><\/div>\n\t\t<\/a>\t\t\n\t\t[vc_row_inner][vc_column_inner]\t\t\n\t\t<p class=\"boat-name\">\n\t\t\t<a href=\"https:\/\/www.tramsek.com\/sl\/plovilo\/fountaine-pajot-isla-40\/\">Fountaine Pajot Isla 40<\/a>\t\t<\/p>\n\t\t\n\t\t\t\t\r\n\t\t<div class=\"vc_acf vc_txt_align_left boat-year\"><span class=\"vc_acf-label\">Letnik:<\/span> 2024<\/div>\r\n\r\n\t\t\t\t\r\n\t\t<span class=\"b-price\">459.000 \u20ac<span class=\"tax\">DDV nepla\u010dan<\/span><\/span>\r\n\r\n\t\t[\/vc_column_inner][\/vc_row_inner][\/vc_column][\/vc_row]<\/p>\n<\/div><\/div>[vc_row_inner el_class=&#8221;all-btn-row&#8221;][vc_column_inner]\t\t\n\t\t<a href=\"https:\/\/www.tramsek.com\/sl\/prodaja-plovil\/\" target=\"\" class=\"btn  btn-default btn-md all-btn\" id=\"\">Vsa plovila<i class=\"fa fa-chevron-right\" aria-hidden=\"true\"><\/i><\/a>\n\n\t\t[\/vc_column_inner][\/vc_row_inner][\/vc_column][\/vc_row][vc_row full_width=&#8221;stretch_row&#8221; el_class=&#8221;about-us-section&#8221;][vc_column width=&#8221;1\/6&#8243; offset=&#8221;vc_hidden-md vc_hidden-sm vc_hidden-xs&#8221;][\/vc_column][vc_column offset=&#8221;vc_col-lg-8 vc_col-md-12&#8243;]\t\t\n\t\t<div class=\"ns-cwi-container tradition \">\n\t\t\t<div class=\"ns-cwi-icon\">\n\t\t\t\t<div class=\"ns-cwi-icon-inner\">\n\t\t\t\t\t<img src=\"https:\/\/www.tramsek.com\/wp-content\/uploads\/2018\/12\/tradicija.png\">\n\t\t\t\t<\/div>\n\t\t\t<\/div>\n\t\t\t<div class=\"ns-cwi-content\">\n\t\t\t\t<div class=\"ns-cwi-content_inner\">\n\t\t\t\t\t<\/p>\n<p style=\"text-align: center;\">\u00a0Ve\u010d kot<br \/>\n20 let izku\u0161enj<\/p>\n<p>\t\t\t\t<\/div>\n\t\t\t<\/div>\n\t\t<\/div>\n\n\t\t[vc_column_text]<\/p>\n<h2 style=\"text-align: center;\">ZAKAJ NAM ZAUPATI?<\/h2>\n<p>[\/vc_column_text][vc_column_text]<\/p>\n<p style=\"text-align: center;\">Mi smo podjetje z dolgoletnimi izku\u0161njami in bogatimi referencami s podro\u010dja navtike. Nudimo vam zanesljiv in brezskrben nakup novih in rabjenih plovil, vzdr\u017eevanje, transfer ter pestro ponudbo \u010darterjev. Pri izbiri vam strokovno svetujemo in vam pomagamo najti najbolj optimalno re\u0161itev za dana sredstva. S tem prihranijo va\u0161 dragoceni \u010das in denar.<\/p>\n<p style=\"text-align: center;\">Pri nas vsako stranko obravnavamo individualno. Gradimo dolgoro\u010dni odnos, ki temelji na zaupanju, dobrem poznavanju va\u0161ih \u017eelja in zahtev in posledi\u010dno dobrem navti\u010dnem servisu. Pri svojem delu smo profesionalni in zanesljivi.<\/p>\n<p>[\/vc_column_text]\t\t\n\t\t<a href=\"https:\/\/www.tramsek.com\/o-nas\/\" target=\"\" class=\"btn  btn-white-outline btn-md right-icon-btn\" id=\"\">Preberite ve\u010d<i class=\"fa fa-chevron-right\" aria-hidden=\"true\"><\/i><\/a>\n\n\t\t[\/vc_column][vc_column width=&#8221;1\/6&#8243; offset=&#8221;vc_hidden-md vc_hidden-sm vc_hidden-xs&#8221;][\/vc_column][\/vc_row]<\/p>\n","protected":false},"excerpt":{"rendered":"<p>[vc_row full_width=&#8221;stretch_row&#8221; full_height=&#8221;yes&#8221; columns_placement=&#8221;bottom&#8221; el_class=&#8221;main-banner&#8221; css=&#8221;.vc_custom_1565013261428{background-image: url(https:\/\/www.tramsek.com\/wp-content\/uploads\/2018\/12\/tramsek_cover.jpg?id=924) !important;}&#8221;][vc_column][vc_column_text el_class=&#8221;slogan&#8221;]Enjoy the sea we do the rest[\/vc_column_text][vc_row_inner el_class=&#8221;mb-btns-section&#8221;][vc_column_inner el_class=&#8221;mb-btn-left-wrap&#8221; width=&#8221;1\/2&#8243;][\/vc_column_inner][vc_column_inner width=&#8221;1\/2&#8243;][\/vc_column_inner][\/vc_row_inner][\/vc_column][\/vc_row][vc_row el_class=&#8221;boats-section&#8221;][vc_column][vc_column_text] Tramsek marine [\/vc_column_text][vc_row_inner el_class=&#8221;all-btn-row&#8221;][vc_column_inner][\/vc_column_inner][\/vc_row_inner][\/vc_column][\/vc_row][vc_row full_width=&#8221;stretch_row&#8221; el_class=&#8221;about-us-section&#8221;][vc_column width=&#8221;1\/6&#8243; offset=&#8221;vc_hidden-md vc_hidden-sm vc_hidden-xs&#8221;][\/vc_column][vc_column offset=&#8221;vc_col-lg-8 vc_col-md-12&#8243;][vc_column_text] ZAKAJ NAM ZAUPATI? [\/vc_column_text][vc_column_text] Mi smo podjetje z dolgoletnimi izku\u0161njami in bogatimi referencami s podro\u010dja navtike. Nudimo vam zanesljiv in brezskrben nakup novih [&hellip;]<\/p>\n","protected":false},"author":1,"featured_media":0,"parent":0,"menu_order":0,"comment_status":"closed","ping_status":"closed","template":"","meta":[],"_links":{"self":[{"href":"https:\/\/www.tramsek.com\/sl\/wp-json\/wp\/v2\/pages\/5"}],"collection":[{"href":"https:\/\/www.tramsek.com\/sl\/wp-json\/wp\/v2\/pages"}],"about":[{"href":"https:\/\/www.tramsek.com\/sl\/wp-json\/wp\/v2\/types\/page"}],"author":[{"embeddable":true,"href":"https:\/\/www.tramsek.com\/sl\/wp-json\/wp\/v2\/users\/1"}],"replies":[{"embeddable":true,"href":"https:\/\/www.tramsek.com\/sl\/wp-json\/wp\/v2\/comments?post=5"}],"version-history":[{"count":30,"href":"https:\/\/www.tramsek.com\/sl\/wp-json\/wp\/v2\/pages\/5\/revisions"}],"predecessor-version":[{"id":1511,"href":"https:\/\/www.tramsek.com\/sl\/wp-json\/wp\/v2\/pages\/5\/revisions\/1511"}],"wp:attachment":[{"href":"https:\/\/www.tramsek.com\/sl\/wp-json\/wp\/v2\/media?parent=5"}],"curies":[{"name":"wp","href":"https:\/\/api.w.org\/{rel}","templated":true}]}}