{"id":7,"date":"2018-12-04T16:30:10","date_gmt":"2018-12-04T16:30:10","guid":{"rendered":"https:\/\/www.tramsek.com\/?page_id=7"},"modified":"2019-09-27T09:29:59","modified_gmt":"2019-09-27T07:29:59","slug":"o-nas","status":"publish","type":"page","link":"https:\/\/www.tramsek.com\/sl\/o-nas\/","title":{"rendered":"O nas"},"content":{"rendered":"<p>[vc_row][vc_column width=&#8221;1\/6&#8243;][\/vc_column][vc_column width=&#8221;2\/3&#8243;]\t\t\r\n\t\t<h1 class=\"page-title  \">O nas<\/h1>\r\n\r\n\t\t[vc_row_inner][vc_column_inner offset=&#8221;vc_col-lg-6 vc_col-md-6&#8243;][vc_column_text]Smo podjetje z dolgoletnimi izku\u0161njami in bogatimi referencami s podro\u010dja navtike. Nudimo vam zanesljiv in brezskrben nakup novih in rabjenih plovil, vzdr\u017eevanje, transfer ter pestro ponudbo \u010darterjev. Pri izbiri vam strokovno svetujemo in vam pomagamo najti najbolj optimalno re\u0161itev za dana sredstva. S tem prihranimo va\u0161 dragoceni \u010das in denar.<\/p>\n<p>Pri nas vsako stranko obravnavamo individualno. Gradimo dolgoro\u010dni odnos, ki temelji na zaupanju, dobrem poznavanju va\u0161ih \u017eelja in zahtev in posledi\u010dno dobrem navti\u010dnem servisu. Pri svojem delu smo profesionalni in zanesljivi.<\/p>\n<p>Mirno se namestite v va\u0161 naslonja\u010d, zaupajte nam va\u0161e \u017eelje in poiskali bomo najbolj\u0161o re\u0161itev za vas z vsemi izku\u0161njami, poznanstvi in odli\u010dnim poznavanjem navti\u010dnega trga. V slabih dveh desetletjih na\u0161ega aktivnega delovanja na podro\u010dju navti\u010dne industrije se nam po \u017eilah \u0161e vedno pretaka velika ljubezen do navtike, ki ponuja poleg \u0161tevilnih prednosti tudi neskon\u010dno u\u017eitkov.[\/vc_column_text][\/vc_column_inner][vc_column_inner offset=&#8221;vc_col-lg-6 vc_col-md-6&#8243;][vc_single_image image=&#8221;698&#8243;][\/vc_column_inner][\/vc_row_inner][\/vc_column][vc_column width=&#8221;1\/6&#8243;][\/vc_column][\/vc_row]<\/p>\n","protected":false},"excerpt":{"rendered":"<p>[vc_row][vc_column width=&#8221;1\/6&#8243;][\/vc_column][vc_column width=&#8221;2\/3&#8243;][vc_row_inner][vc_column_inner offset=&#8221;vc_col-lg-6 vc_col-md-6&#8243;][vc_column_text]Smo podjetje z dolgoletnimi izku\u0161njami in bogatimi referencami s podro\u010dja navtike. Nudimo vam zanesljiv in brezskrben nakup novih in rabjenih plovil, vzdr\u017eevanje, transfer ter pestro ponudbo \u010darterjev. Pri izbiri vam strokovno svetujemo in vam pomagamo najti najbolj optimalno re\u0161itev za dana sredstva. S tem prihranimo va\u0161 dragoceni \u010das in denar. Pri [&hellip;]<\/p>\n","protected":false},"author":1,"featured_media":0,"parent":0,"menu_order":2,"comment_status":"closed","ping_status":"closed","template":"","meta":[],"_links":{"self":[{"href":"https:\/\/www.tramsek.com\/sl\/wp-json\/wp\/v2\/pages\/7"}],"collection":[{"href":"https:\/\/www.tramsek.com\/sl\/wp-json\/wp\/v2\/pages"}],"about":[{"href":"https:\/\/www.tramsek.com\/sl\/wp-json\/wp\/v2\/types\/page"}],"author":[{"embeddable":true,"href":"https:\/\/www.tramsek.com\/sl\/wp-json\/wp\/v2\/users\/1"}],"replies":[{"embeddable":true,"href":"https:\/\/www.tramsek.com\/sl\/wp-json\/wp\/v2\/comments?post=7"}],"version-history":[{"count":12,"href":"https:\/\/www.tramsek.com\/sl\/wp-json\/wp\/v2\/pages\/7\/revisions"}],"predecessor-version":[{"id":1449,"href":"https:\/\/www.tramsek.com\/sl\/wp-json\/wp\/v2\/pages\/7\/revisions\/1449"}],"wp:attachment":[{"href":"https:\/\/www.tramsek.com\/sl\/wp-json\/wp\/v2\/media?parent=7"}],"curies":[{"name":"wp","href":"https:\/\/api.w.org\/{rel}","templated":true}]}}